{"id":2429,"date":"2024-01-28T03:17:59","date_gmt":"2024-01-28T02:17:59","guid":{"rendered":"https:\/\/www.chopsticks-trier.de\/?page_id=2429"},"modified":"2024-01-28T03:17:59","modified_gmt":"2024-01-28T02:17:59","slug":"beilagen-sossen","status":"publish","type":"page","link":"https:\/\/www.chopsticks-trier.de\/index.php\/beilagen-sossen\/","title":{"rendered":"Beilagen &#038; Sossen"},"content":{"rendered":"\n<p class=\"has-text-align-center has-black-color has-text-color\"><strong>605. Gekochter Reis<\/strong><br><strong>2,50 \u20ac<\/strong><\/p>\n\n\n\n<p class=\"has-text-align-center has-black-color has-text-color\"><strong>58. Pommes Frites<\/strong><br><strong>4,00 \u20ac<\/strong><\/p>\n\n\n\n<p class=\"has-text-align-center has-black-color has-text-color\"><strong>666. Eierreis<\/strong><br><strong>5,50 \u20ac<\/strong><\/p>\n\n\n\n<p class=\"has-text-align-center has-black-color has-text-color\"><strong>668. Bratnudeln<\/strong><br><strong>5,50 \u20ac<\/strong><\/p>\n\n\n\n<hr class=\"wp-block-separator\"\/>\n\n\n\n<p class=\"has-text-align-center has-black-color has-text-color\"><strong>Sambal Oelek, Sojaso\u00dfe, S\u00fc\u00dfe Chilisauce, Sriracha Chili Sauce<\/strong><br><strong>0,50 \u20ac<\/strong><\/p>\n\n\n\n<p class=\"has-text-align-center has-black-color has-text-color\"><strong>S\u00fc\u00df-Sauer So\u00dfe, Erdnuss So\u00dfe, Thai Curryso\u00dfe, Dunkle So\u00dfe, Gelbe Curryso\u00dfe, Bali Knoblauchso\u00dfe<\/strong><br><strong>1,00 \u20ac<\/strong><\/p>\n\n\n\n<p><\/p>\n","protected":false},"excerpt":{"rendered":"<p>605. Gekochter Reis2,50 \u20ac 58. Pommes Frites4,00 \u20ac 666. Eierreis5,50 \u20ac 668. Bratnudeln5,50 \u20ac Sambal Oelek, Sojaso\u00dfe, S\u00fc\u00dfe Chilisauce, Sriracha Chili Sauce0,50 \u20ac S\u00fc\u00df-Sauer So\u00dfe, [&#8230;]<\/p>\n","protected":false},"author":1,"featured_media":0,"parent":0,"menu_order":0,"comment_status":"closed","ping_status":"closed","template":"","meta":[],"_links":{"self":[{"href":"https:\/\/www.chopsticks-trier.de\/index.php\/wp-json\/wp\/v2\/pages\/2429"}],"collection":[{"href":"https:\/\/www.chopsticks-trier.de\/index.php\/wp-json\/wp\/v2\/pages"}],"about":[{"href":"https:\/\/www.chopsticks-trier.de\/index.php\/wp-json\/wp\/v2\/types\/page"}],"author":[{"embeddable":true,"href":"https:\/\/www.chopsticks-trier.de\/index.php\/wp-json\/wp\/v2\/users\/1"}],"replies":[{"embeddable":true,"href":"https:\/\/www.chopsticks-trier.de\/index.php\/wp-json\/wp\/v2\/comments?post=2429"}],"version-history":[{"count":1,"href":"https:\/\/www.chopsticks-trier.de\/index.php\/wp-json\/wp\/v2\/pages\/2429\/revisions"}],"predecessor-version":[{"id":2430,"href":"https:\/\/www.chopsticks-trier.de\/index.php\/wp-json\/wp\/v2\/pages\/2429\/revisions\/2430"}],"wp:attachment":[{"href":"https:\/\/www.chopsticks-trier.de\/index.php\/wp-json\/wp\/v2\/media?parent=2429"}],"curies":[{"name":"wp","href":"https:\/\/api.w.org\/{rel}","templated":true}]}}