{"id":1254,"date":"2021-07-01T16:25:39","date_gmt":"2021-07-01T14:25:39","guid":{"rendered":"https:\/\/www.chinaimbisstrier.de\/?page_id=1254"},"modified":"2024-01-28T02:42:07","modified_gmt":"2024-01-28T01:42:07","slug":"ente","status":"publish","type":"page","link":"https:\/\/www.chopsticks-trier.de\/index.php\/ente\/","title":{"rendered":"Ente"},"content":{"rendered":"\n<p class=\"has-text-align-center has-black-color has-text-color\"><strong>24. Peking Ente (knusprig)<\/strong><br>ger\u00f6stete Ente mit versch. Gem\u00fcse und So\u00dfe<br>mit Reis (statt Reis mit Bratnudeln oder Eierreis + 2\u20ac)<br><strong>13,90 \u20ac<\/strong><\/p>\n\n\n\n<p class=\"has-text-align-center has-black-color has-text-color\"><strong>25. Ente \u00e1 la Hong Kong \ud83c\udf36\ufe0f<\/strong><br>mit Sojasrossen, Bambus, Sellerie<br>mit Reis (statt Reis mit Bratnudeln oder Eierreis + 2\u20ac)<br><strong><strong>13,90 \u20ac<\/strong><\/strong><\/p>\n\n\n\n<p class=\"has-text-align-center has-black-color has-text-color\"><strong>26. Canton Ente (knusprig)<\/strong><br>mit Tonggu-Pilzen und Bambus<br>mit Reis (statt Reis mit Bratnudeln oder Eierreis + 2\u20ac)<br><strong><strong>13,90 \u20ac<\/strong><\/strong><\/p>\n\n\n\n<p class=\"has-text-align-center has-black-color has-text-color\"><strong>27. Ente mit Gelb- oder Thai-Curry (knusprig) \ud83c\udf36\ufe0f<\/strong><br>mit Gem\u00fcse und Kokosmilch<br>mit Reis (statt Reis mit Bratnudeln oder Eierreis + 2\u20ac)<br><strong><strong>13,90 \u20ac<\/strong><\/strong><\/p>\n\n\n\n<p class=\"has-text-align-center has-black-color has-text-color\"><strong>28. \u201eSa Cha\u201c Ente (knusprig) \ud83c\udf36\ufe0f\ud83c\udf36\ufe0f<\/strong><br>mit Zwiebeln, Paprika, Bambus, Broccoli<br>mit Reis (statt Reis mit Bratnudeln oder Eierreis + 2\u20ac)<br><strong><strong>13,90 \u20ac<\/strong><\/strong><\/p>\n\n\n\n<p class=\"has-text-align-center has-black-color has-text-color\"><strong>29. Ente s\u00fc\u00df-sauer (knusprig)<\/strong><br>mit Ananas, Gem\u00fcse, S\u00fc\u00df-Sauer-So\u00dfe<br>mit Reis (statt Reis mit Bratnudeln oder Eierreis + 2\u20ac)<br><strong><strong>13,90 \u20ac<\/strong><\/strong><\/p>\n\n\n\n<p class=\"has-text-align-center has-black-color has-text-color\"><strong>30. Ente \u00e1 la Bali (knusprig) \ud83c\udf36\ufe0f<\/strong><br>mit pikant gew\u00fcrzter Knoblauchso\u00dfe<br>mit Reis (statt Reis mit Bratnudeln oder Eierreis + 2\u20ac)<br><strong><strong>13,90 \u20ac<\/strong><\/strong><\/p>\n\n\n\n<p class=\"has-text-align-center has-black-color has-text-color\"><strong>35. <strong>Knusprige Ente malaysischer Art<\/strong> \ud83c\udf36\ufe0f<\/strong><br>mit Gem\u00fcse und pikanter Erdnussso\u00dfe<br>mit Reis (statt Reis mit Bratnudeln oder Eierreis + 2\u20ac)<br><strong><strong>13,90 \u20ac<\/strong><\/strong><\/p>\n","protected":false},"excerpt":{"rendered":"<p>24. Peking Ente (knusprig)ger\u00f6stete Ente mit versch. Gem\u00fcse und So\u00dfemit Reis (statt Reis mit Bratnudeln oder Eierreis + 2\u20ac)13,90 \u20ac 25. Ente \u00e1 la Hong [&#8230;]<\/p>\n","protected":false},"author":1,"featured_media":0,"parent":0,"menu_order":0,"comment_status":"closed","ping_status":"closed","template":"","meta":[],"_links":{"self":[{"href":"https:\/\/www.chopsticks-trier.de\/index.php\/wp-json\/wp\/v2\/pages\/1254"}],"collection":[{"href":"https:\/\/www.chopsticks-trier.de\/index.php\/wp-json\/wp\/v2\/pages"}],"about":[{"href":"https:\/\/www.chopsticks-trier.de\/index.php\/wp-json\/wp\/v2\/types\/page"}],"author":[{"embeddable":true,"href":"https:\/\/www.chopsticks-trier.de\/index.php\/wp-json\/wp\/v2\/users\/1"}],"replies":[{"embeddable":true,"href":"https:\/\/www.chopsticks-trier.de\/index.php\/wp-json\/wp\/v2\/comments?post=1254"}],"version-history":[{"count":35,"href":"https:\/\/www.chopsticks-trier.de\/index.php\/wp-json\/wp\/v2\/pages\/1254\/revisions"}],"predecessor-version":[{"id":2416,"href":"https:\/\/www.chopsticks-trier.de\/index.php\/wp-json\/wp\/v2\/pages\/1254\/revisions\/2416"}],"wp:attachment":[{"href":"https:\/\/www.chopsticks-trier.de\/index.php\/wp-json\/wp\/v2\/media?parent=1254"}],"curies":[{"name":"wp","href":"https:\/\/api.w.org\/{rel}","templated":true}]}}