{"id":1173,"date":"2021-07-01T12:43:26","date_gmt":"2021-07-01T10:43:26","guid":{"rendered":"https:\/\/www.chinaimbisstrier.de\/?page_id=1173"},"modified":"2024-01-28T02:39:28","modified_gmt":"2024-01-28T01:39:28","slug":"huehnerfleisch","status":"publish","type":"page","link":"https:\/\/www.chopsticks-trier.de\/index.php\/huehnerfleisch\/","title":{"rendered":"H\u00fchnerfleisch"},"content":{"rendered":"\n<p class=\"has-text-align-center has-black-color has-text-color\"><strong>301. H\u00fchnerfleisch mit Champignons<\/strong><br>mit Reis (statt Reis mit Bratnudeln oder Eierreis + 2\u20ac)<br><strong>10,50 \u20ac<\/strong><\/p>\n\n\n\n<p class=\"has-text-align-center has-black-color has-text-color\"><strong>302. H\u00fchnerfleisch \u00e0 la Shanghai<\/strong><br>mit s\u00fc\u00df-sauer Sosse, Ananas &amp; Gem\u00fcse<br>mit Reis (statt Reis mit Bratnudeln oder Eierreis + 2\u20ac)<br><strong><strong>10,50 \u20ac<\/strong><\/strong><\/p>\n\n\n\n<p class=\"has-text-align-center has-black-color has-text-color\"><strong>303. H\u00fchnerfleisch mit Morcheln &amp; Bambus<\/strong><br>mit Reis (statt Reis mit Bratnudeln oder Eierreis + 2\u20ac)<br><strong><strong>10,50 \u20ac<\/strong><\/strong><\/p>\n\n\n\n<p class=\"has-text-align-center has-black-color has-text-color\"><strong>304. H\u00fchnerfleisch mit Broccoli<\/strong><br>mit Reis (statt Reis mit Bratnudeln oder Eierreis + 2\u20ac)<br><strong><strong>10,50 \u20ac<\/strong><\/strong><\/p>\n\n\n\n<p class=\"has-text-align-center has-black-color has-text-color\"><strong>305. H\u00fchnerb\u00e4llchen s\u00fc\u00df-sauer<\/strong><br>mit Reis (statt Reis mit Bratnudeln oder Eierreis + 2\u20ac)<br><strong>9,90 \u20ac<\/strong><\/p>\n\n\n\n<p class=\"has-text-align-center has-black-color has-text-color\"><strong>306. H\u00fchnerfleisch \u00e0 la Bali (paniert) \ud83c\udf36\ufe0f<\/strong><br>mit Bali-Knoblauchsauce<br>mit Reis (statt Reis mit Bratnudeln oder Eierreis + 2\u20ac)<br><strong>11,90 \u20ac<\/strong><\/p>\n\n\n\n<p class=\"has-text-align-center has-black-color has-text-color\"><strong>307. H\u00fchnerfleisch \u201eKon Pao\u201c \ud83c\udf36\ufe0f<\/strong><br>mit Gem\u00fcse &amp; Cashewkern<br>mit Reis (statt Reis mit Bratnudeln oder Eierreis + 2\u20ac)<br><strong>10,50 \u20ac<\/strong><\/p>\n\n\n\n<p class=\"has-text-align-center has-black-color has-text-color\"><strong>308. H\u00fchnerfleisch s\u00fc\u00df-sauer (<strong>paniert<\/strong>)<\/strong><br>mit Ananas, Gem\u00fcse und S\u00fc\u00df-Sauer So\u00dfe<br>mit Reis (statt Reis mit Bratnudeln oder Eierreis + 2\u20ac)<br><strong>11,90 \u20ac<\/strong><\/p>\n\n\n\n<p class=\"has-text-align-center has-black-color has-text-color\"><strong>309. H\u00fchnerfleisch mit Gelb-Curry \ud83c\udf36\ufe0f<\/strong> <strong>oder Thai-Curry<\/strong> <strong>\ud83c\udf36\ufe0f\ud83c\udf36\ufe0f<\/strong><br>mit Gem\u00fcse, Kokosmilch<br>mit Reis (statt Reis mit Bratnudeln oder Eierreis + 2\u20ac)<br><strong>10,50 \u20ac<\/strong><\/p>\n\n\n\n<p class=\"has-text-align-center has-black-color has-text-color\"><strong>310. Chop-Suey mit H\u00fchnerfleisch<\/strong><br>mit versch. Gem\u00fcse<br>mit Reis (statt Reis mit Bratnudeln oder Eierreis + 2\u20ac)<br><strong>10,50 \u20ac<\/strong><\/p>\n\n\n\n<p class=\"has-text-align-center has-black-color has-text-color\"><strong>311. H\u00fchnerfleisch mit Glasnudeln<\/strong><br>mit Sojasprossen, Bambusstreifen, Zwiebeln, Sellerie<br>mit Reis (statt Reis mit Bratnudeln oder Eierreis + 2\u20ac)<br><strong>10,50 \u20ac<\/strong><\/p>\n\n\n\n<p class=\"has-text-align-center has-black-color has-text-color\"><strong>312. Doppel gebratenes H\u00fchnerfleisch \ud83c\udf36\ufe0f\ud83c\udf36\ufe0f<\/strong><br>mit Zwiebeln, Paprika, Spitzkohl<br>mit Reis (statt Reis mit Bratnudeln oder Eierreis + 2\u20ac)<br><strong>10,50 \u20ac<\/strong><\/p>\n\n\n\n<p class=\"has-text-align-center has-black-color has-text-color\"><strong>313. H\u00fchnerfleisch \u201eSa Cha\u201c \ud83c\udf36\ufe0f\ud83c\udf36\ufe0f<\/strong><br>mit Zwiebeln, Paprika, Bambus<br>mit Reis (statt Reis mit Bratnudeln oder Eierreis + 2\u20ac)<br><strong>10,50 \u20ac<\/strong><\/p>\n\n\n\n<p class=\"has-text-align-center has-black-color has-text-color\"><strong>314. H\u00fchnerfleisch mit Tonggu-Pilzen<\/strong><br>&#8230;und Bambus<br>mit Reis (statt Reis mit Bratnudeln oder Eierreis + 2\u20ac)<br><strong>10,50 \u20ac<\/strong><\/p>\n\n\n\n<p class=\"has-text-align-center has-black-color has-text-color\"><strong>315. Knuspriges H\u00e4hnchen mit Chop-Suey<\/strong><br>mit chin. Gem\u00fcse und So\u00dfe<br>mit Reis (statt Reis mit Bratnudeln oder Eierreis + 2\u20ac)<br><strong>11,90 \u20ac<\/strong><\/p>\n\n\n\n<p class=\"has-text-align-center has-black-color has-text-color\"><strong>316. Knuspriges H\u00e4hnchen mit Curry \ud83c\udf36\ufe0f<\/strong><br>mit Gem\u00fcse, Kokosmilch und gelber Curry-So\u00dfe<br>mit Reis (statt Reis mit Bratnudeln oder Eierreis + 2\u20ac)<br><strong>11,90 \u20ac<\/strong><\/p>\n\n\n\n<p class=\"has-text-align-center has-black-color has-text-color\"><strong>317. Knuspriges H\u00e4hnchen mit Thai-Curry \ud83c\udf36\ufe0f\ud83c\udf36\ufe0f<\/strong><br>mit Gem\u00fcse, Kokosmilch und roter Thai-Curry-So\u00dfe \u2022 sehr scharf<br>mit Reis (statt Reis mit Bratnudeln oder Eierreis + 2\u20ac)<br><strong>11,90 \u20ac<\/strong><\/p>\n\n\n\n<p class=\"has-text-align-center has-black-color has-text-color\"><strong>34. <strong>Knusprige H\u00fchnerbrust malaysischer Art<\/strong> \ud83c\udf36\ufe0f<\/strong><br>mit Gem\u00fcse und pikanter Erdnussso\u00dfe<br>mit Reis (statt Reis mit Bratnudeln oder Eierreis + 2\u20ac)<br><strong>11,90 \u20ac<\/strong><\/p>\n\n\n\n<p class=\"has-text-align-center has-black-color has-text-color\"><strong>36. <strong><strong>Sat\u00e9 Spie\u00df vom Huhn<\/strong><\/strong> \ud83c\udf36\ufe0f<\/strong><br>3 Fleischspie\u00dfe in Erdnussso\u00dfe<br>mit Reis (statt Reis mit Bratnudeln oder Eierreis + 2\u20ac)<br><strong>10,50 \u20ac<\/strong><\/p>\n","protected":false},"excerpt":{"rendered":"<p>301. H\u00fchnerfleisch mit Champignonsmit Reis (statt Reis mit Bratnudeln oder Eierreis + 2\u20ac)10,50 \u20ac 302. H\u00fchnerfleisch \u00e0 la Shanghaimit s\u00fc\u00df-sauer Sosse, Ananas &amp; Gem\u00fcsemit Reis [&#8230;]<\/p>\n","protected":false},"author":1,"featured_media":0,"parent":0,"menu_order":0,"comment_status":"closed","ping_status":"closed","template":"","meta":[],"_links":{"self":[{"href":"https:\/\/www.chopsticks-trier.de\/index.php\/wp-json\/wp\/v2\/pages\/1173"}],"collection":[{"href":"https:\/\/www.chopsticks-trier.de\/index.php\/wp-json\/wp\/v2\/pages"}],"about":[{"href":"https:\/\/www.chopsticks-trier.de\/index.php\/wp-json\/wp\/v2\/types\/page"}],"author":[{"embeddable":true,"href":"https:\/\/www.chopsticks-trier.de\/index.php\/wp-json\/wp\/v2\/users\/1"}],"replies":[{"embeddable":true,"href":"https:\/\/www.chopsticks-trier.de\/index.php\/wp-json\/wp\/v2\/comments?post=1173"}],"version-history":[{"count":85,"href":"https:\/\/www.chopsticks-trier.de\/index.php\/wp-json\/wp\/v2\/pages\/1173\/revisions"}],"predecessor-version":[{"id":2414,"href":"https:\/\/www.chopsticks-trier.de\/index.php\/wp-json\/wp\/v2\/pages\/1173\/revisions\/2414"}],"wp:attachment":[{"href":"https:\/\/www.chopsticks-trier.de\/index.php\/wp-json\/wp\/v2\/media?parent=1173"}],"curies":[{"name":"wp","href":"https:\/\/api.w.org\/{rel}","templated":true}]}}