{"id":1126,"date":"2021-07-01T10:21:34","date_gmt":"2021-07-01T08:21:34","guid":{"rendered":"https:\/\/www.chinaimbisstrier.de\/?page_id=1126"},"modified":"2024-01-28T02:29:13","modified_gmt":"2024-01-28T01:29:13","slug":"schweinefleisch","status":"publish","type":"page","link":"https:\/\/www.chopsticks-trier.de\/index.php\/schweinefleisch\/","title":{"rendered":"Schweinefleisch"},"content":{"rendered":"\n<p class=\"has-text-align-center has-black-color has-text-color\"><strong>201. Schweinefleisch mit Champignons<\/strong><br>mit Reis (statt Reis mit Bratnudeln oder Eierreis + 2\u20ac)<br><strong>10,90 \u20ac<\/strong><\/p>\n\n\n\n<p class=\"has-text-align-center has-black-color has-text-color\"><strong>202. Schweinefleisch \u00e0 la Shanghai<\/strong><br>mit s\u00fc\u00df-sauer Sosse, Ananas &amp; Gem\u00fcse<br>dazu Reis (statt Reis mit Bratnudeln oder Eierreis + 2\u20ac)<br><strong>10,90 \u20ac<\/strong><\/p>\n\n\n\n<p class=\"has-text-align-center has-black-color has-text-color\"><strong>203. Schweinefleisch mit Morcheln &amp; Bambus<\/strong><br>dazu Reis (statt Reis mit Bratnudeln oder Eierreis + 2\u20ac)<br><strong><strong>10,90 \u20ac<\/strong><\/strong><\/p>\n\n\n\n<p class=\"has-text-align-center has-black-color has-text-color\"><strong>204. Schweinefleisch mit Broccoli<\/strong><br>dazu Reis (statt Reis mit Bratnudeln oder Eierreis + 2\u20ac)<br><strong><strong>10,90 \u20ac<\/strong><\/strong><\/p>\n\n\n\n<p class=\"has-text-align-center has-black-color has-text-color\"><strong>207. Schweinefleisch \u201eKon Pao\u201c \ud83c\udf36\ufe0f<\/strong><br>mit Gem\u00fcse &amp; Cashewkernen<br>dazu Reis (statt Reis mit Bratnudeln oder Eierreis + 2\u20ac)<br><strong><strong>10,90 \u20ac<\/strong><\/strong><\/p>\n\n\n\n<p class=\"has-text-align-center has-black-color has-text-color\"><strong>208. Schweinefleisch sharf gebraten \ud83c\udf36\ufe0f\ud83c\udf36\ufe0f<\/strong><br>mit Bambus, Sellerie, Paprika, Sojasprossen<br>dazu Reis (statt Reis mit Bratnudeln oder Eierreis + 2\u20ac)<br><strong><strong>10,90 \u20ac<\/strong><\/strong><\/p>\n\n\n\n<p class=\"has-text-align-center has-black-color has-text-color\"><strong>210. Chop-Suey mit Schweinefleisch<\/strong><br>mit versch. Gem\u00fcse<br>dazu Reis (statt Reis mit Bratnudeln oder Eierreis + 2\u20ac)<br><strong><strong>10,90 \u20ac<\/strong><\/strong><\/p>\n\n\n\n<p class=\"has-text-align-center has-black-color has-text-color\"><strong>212. Doppel gebratenes Schweinefleisch \ud83c\udf36\ufe0f\ud83c\udf36\ufe0f<\/strong><br>mit Zwiebeln, Paprika, Spitzkohl<br>dazu Reis (statt Reis mit Bratnudeln oder Eierreis + 2\u20ac)<br><strong><strong>10,90 \u20ac<\/strong><\/strong><\/p>\n\n\n\n<p class=\"has-text-align-center has-black-color has-text-color\"><strong>213. Schweinefleisch \u201eSa Cha\u201c \ud83c\udf36\ufe0f\ud83c\udf36\ufe0f<\/strong><br>mit Zwiebeln, Paprika, Bambus, Broccoli<br>dazu Reis (statt Reis mit Bratnudeln oder Eierreis + 2\u20ac)<br><strong><strong>10,90 \u20ac<\/strong><\/strong><\/p>\n","protected":false},"excerpt":{"rendered":"<p>201. Schweinefleisch mit Champignonsmit Reis (statt Reis mit Bratnudeln oder Eierreis + 2\u20ac)10,90 \u20ac 202. Schweinefleisch \u00e0 la Shanghaimit s\u00fc\u00df-sauer Sosse, Ananas &amp; Gem\u00fcsedazu Reis [&#8230;]<\/p>\n","protected":false},"author":1,"featured_media":0,"parent":0,"menu_order":0,"comment_status":"closed","ping_status":"closed","template":"","meta":[],"_links":{"self":[{"href":"https:\/\/www.chopsticks-trier.de\/index.php\/wp-json\/wp\/v2\/pages\/1126"}],"collection":[{"href":"https:\/\/www.chopsticks-trier.de\/index.php\/wp-json\/wp\/v2\/pages"}],"about":[{"href":"https:\/\/www.chopsticks-trier.de\/index.php\/wp-json\/wp\/v2\/types\/page"}],"author":[{"embeddable":true,"href":"https:\/\/www.chopsticks-trier.de\/index.php\/wp-json\/wp\/v2\/users\/1"}],"replies":[{"embeddable":true,"href":"https:\/\/www.chopsticks-trier.de\/index.php\/wp-json\/wp\/v2\/comments?post=1126"}],"version-history":[{"count":50,"href":"https:\/\/www.chopsticks-trier.de\/index.php\/wp-json\/wp\/v2\/pages\/1126\/revisions"}],"predecessor-version":[{"id":2412,"href":"https:\/\/www.chopsticks-trier.de\/index.php\/wp-json\/wp\/v2\/pages\/1126\/revisions\/2412"}],"wp:attachment":[{"href":"https:\/\/www.chopsticks-trier.de\/index.php\/wp-json\/wp\/v2\/media?parent=1126"}],"curies":[{"name":"wp","href":"https:\/\/api.w.org\/{rel}","templated":true}]}}