{"id":1028,"date":"2021-06-21T14:06:18","date_gmt":"2021-06-21T12:06:18","guid":{"rendered":"https:\/\/www.chinaimbisstrier.de\/?page_id=1028"},"modified":"2024-01-28T02:27:11","modified_gmt":"2024-01-28T01:27:11","slug":"rindfleisch","status":"publish","type":"page","link":"https:\/\/www.chopsticks-trier.de\/index.php\/rindfleisch\/","title":{"rendered":"Rindfleisch"},"content":{"rendered":"\n<p class=\"has-text-align-center has-black-color has-text-color\"><strong>101. Rindfleisch mit Champignons<\/strong><br>mit Reis (statt Reis mit Bratnudeln oder Eierreis + 2\u20ac)<br><strong>11,90 \u20ac<\/strong><\/p>\n\n\n\n<p class=\"has-text-align-center has-black-color has-text-color\"><strong>103. Rindfleisch mit Morcheln &amp; Bambus<\/strong><br>mit Reis (statt Reis mit Bratnudeln oder Eierreis + 2\u20ac)<br><strong><strong>11,90 \u20ac<\/strong><\/strong><\/p>\n\n\n\n<p class=\"has-text-align-center has-black-color has-text-color\"><strong>104. Rindfleisch mit Broccoli<\/strong><br>mit Reis (statt Reis mit Bratnudeln oder Eierreis + 2\u20ac)<br><strong><strong>11,90 \u20ac<\/strong><\/strong><\/p>\n\n\n\n<p class=\"has-text-align-center has-black-color has-text-color\"><strong>105. Rindfleisch mit Zwiebeln<\/strong><br>mit Reis (statt Reis mit Bratnudeln oder Eierreis + 2\u20ac)<br><strong><strong>11,90 \u20ac<\/strong><\/strong><\/p>\n\n\n\n<p class=\"has-text-align-center has-black-color has-text-color\"><strong>106. Rindfleisch \u00e0 la Shanghai<\/strong><br>mit S\u00fc\u00df-Sauer-So\u00dfe, Ananas und Gem\u00fcse<br>mit Reis (statt Reis mit Bratnudeln oder Eierreis + 2\u20ac)<br><strong><strong>11,90 \u20ac<\/strong><\/strong><\/p>\n\n\n\n<p class=\"has-text-align-center has-black-color has-text-color\"><strong>107. Rindfleisch \u201eKon Pao\u201c \ud83c\udf36\ufe0f<\/strong><br>mit Gem\u00fcse &amp; Cashewkernen<br>dazu Reis (statt Reis mit Bratnudeln oder Eierreis + 2\u20ac)<br><strong><strong>11,90 \u20ac<\/strong><\/strong><\/p>\n\n\n\n<p class=\"has-text-align-center has-black-color has-text-color\"><strong>108. Rindfleisch \u201eSzeschuan\u201c \ud83c\udf36\ufe0f\ud83c\udf36\ufe0f<\/strong><br>mit Bambus, Sellerie, Paprika &amp; Sojasprossen<br>dazu Reis (statt Reis mit Bratnudeln oder Eierreis + 2\u20ac)<br><strong><strong>11,90 \u20ac<\/strong><\/strong><\/p>\n\n\n\n<p class=\"has-text-align-center has-black-color has-text-color\"><strong>109. Rindfleisch mit Gelb-Curry \ud83c\udf36\ufe0f<\/strong> oder Thai-Curry <strong>\ud83c\udf36\ufe0f\ud83c\udf36\ufe0f<\/strong><br>mit Gem\u00fcse und Kokosmilch<br>dazu Reis (statt Reis mit Bratnudeln oder Eierreis + 2\u20ac)<br><strong><strong>11,90 \u20ac<\/strong><\/strong><\/p>\n\n\n\n<p class=\"has-text-align-center has-black-color has-text-color\"><strong>110. Chop-Suey mit Rindfleisch<\/strong><br>mit versch. Gem\u00fcse<br>dazu Reis (statt Reis mit Bratnudeln oder Eierreis + 2\u20ac)<br><strong><strong>11,90 \u20ac<\/strong><\/strong><\/p>\n\n\n\n<p class=\"has-text-align-center has-black-color has-text-color\"><strong>113. Rindfleisch \u201eSa Cha\u201c \ud83c\udf36\ufe0f\ud83c\udf36\ufe0f<\/strong><br>mit Zwiebeln, Paprika, Bambus, Broccoli<br>dazu Reis (statt Reis mit Bratnudeln oder Eierreis + 2\u20ac)<br><strong><strong>11,90 \u20ac<\/strong><\/strong><\/p>\n","protected":false},"excerpt":{"rendered":"<p>101. Rindfleisch mit Champignonsmit Reis (statt Reis mit Bratnudeln oder Eierreis + 2\u20ac)11,90 \u20ac 103. Rindfleisch mit Morcheln &amp; Bambusmit Reis (statt Reis mit Bratnudeln [&#8230;]<\/p>\n","protected":false},"author":1,"featured_media":0,"parent":0,"menu_order":0,"comment_status":"closed","ping_status":"closed","template":"","meta":[],"_links":{"self":[{"href":"https:\/\/www.chopsticks-trier.de\/index.php\/wp-json\/wp\/v2\/pages\/1028"}],"collection":[{"href":"https:\/\/www.chopsticks-trier.de\/index.php\/wp-json\/wp\/v2\/pages"}],"about":[{"href":"https:\/\/www.chopsticks-trier.de\/index.php\/wp-json\/wp\/v2\/types\/page"}],"author":[{"embeddable":true,"href":"https:\/\/www.chopsticks-trier.de\/index.php\/wp-json\/wp\/v2\/users\/1"}],"replies":[{"embeddable":true,"href":"https:\/\/www.chopsticks-trier.de\/index.php\/wp-json\/wp\/v2\/comments?post=1028"}],"version-history":[{"count":95,"href":"https:\/\/www.chopsticks-trier.de\/index.php\/wp-json\/wp\/v2\/pages\/1028\/revisions"}],"predecessor-version":[{"id":2410,"href":"https:\/\/www.chopsticks-trier.de\/index.php\/wp-json\/wp\/v2\/pages\/1028\/revisions\/2410"}],"wp:attachment":[{"href":"https:\/\/www.chopsticks-trier.de\/index.php\/wp-json\/wp\/v2\/media?parent=1028"}],"curies":[{"name":"wp","href":"https:\/\/api.w.org\/{rel}","templated":true}]}}